{"id":11,"date":"2017-05-17T13:02:05","date_gmt":"2017-05-17T10:02:05","guid":{"rendered":"http:\/\/konifloor.dev.trival.fi\/?page_id=11"},"modified":"2025-12-16T15:39:09","modified_gmt":"2025-12-16T13:39:09","slug":"referenssit","status":"publish","type":"page","link":"https:\/\/www.konifloor.fi\/?page_id=11","title":{"rendered":"Referenssit"},"content":{"rendered":"<p>[et_pb_section fb_built=&#8221;1&#8243; admin_label=&#8221;section&#8221; _builder_version=&#8221;4.16&#8243; global_colors_info=&#8221;{}&#8221;][et_pb_row _builder_version=&#8221;4.21.0&#8243; _module_preset=&#8221;default&#8221;][et_pb_column _builder_version=&#8221;4.21.0&#8243; _module_preset=&#8221;default&#8221; type=&#8221;4_4&#8243;][et_pb_text _builder_version=&#8221;4.21.0&#8243; _module_preset=&#8221;default&#8221; border_width_bottom=&#8221;1px&#8221; border_color_bottom=&#8221;#058bd1&#8243; hover_enabled=&#8221;0&#8243; sticky_enabled=&#8221;0&#8243; text_font=&#8221;Roboto Condensed||||||||&#8221; text_font_size=&#8221;26px&#8221;]<\/p>\n<p>M\/S Oslofjord<\/p>\n<p>[\/et_pb_text][et_pb_gallery _builder_version=&#8221;4.21.0&#8243; _module_preset=&#8221;default&#8221; hover_enabled=&#8221;0&#8243; sticky_enabled=&#8221;0&#8243; gallery_ids=&#8221;140,143,144,145,146,147,148&#8243; posts_number=&#8221;100&#8243; show_title_and_caption=&#8221;off&#8221; show_pagination=&#8221;off&#8221;][\/et_pb_gallery][\/et_pb_column][\/et_pb_row][et_pb_row _builder_version=&#8221;4.21.0&#8243; _module_preset=&#8221;default&#8221;][et_pb_column _builder_version=&#8221;4.21.0&#8243; _module_preset=&#8221;default&#8221; type=&#8221;4_4&#8243;][et_pb_text _builder_version=&#8221;4.21.0&#8243; _module_preset=&#8221;default&#8221; border_width_bottom=&#8221;1px&#8221; border_color_bottom=&#8221;#058bd1&#8243; hover_enabled=&#8221;0&#8243; sticky_enabled=&#8221;0&#8243; text_font=&#8221;Roboto Condensed||||||||&#8221; text_font_size=&#8221;26px&#8221;]<\/p>\n<h3 class=\"widget-title\">TUI Mein Schiff 5<\/h3>\n<p>[\/et_pb_text][et_pb_gallery _builder_version=&#8221;4.21.0&#8243; _module_preset=&#8221;default&#8221; hover_enabled=&#8221;0&#8243; sticky_enabled=&#8221;0&#8243; gallery_ids=&#8221;149,150,151,154,155,156,157,158,159,160,163,164,165,166&#8243; posts_number=&#8221;100&#8243; show_title_and_caption=&#8221;off&#8221; show_pagination=&#8221;off&#8221;][\/et_pb_gallery][\/et_pb_column][\/et_pb_row][et_pb_row _builder_version=&#8221;4.21.0&#8243; _module_preset=&#8221;default&#8221;][et_pb_column _builder_version=&#8221;4.21.0&#8243; _module_preset=&#8221;default&#8221; type=&#8221;4_4&#8243;][et_pb_text _builder_version=&#8221;4.21.0&#8243; _module_preset=&#8221;default&#8221; border_width_bottom=&#8221;1px&#8221; border_color_bottom=&#8221;#058bd1&#8243; hover_enabled=&#8221;0&#8243; sticky_enabled=&#8221;0&#8243; text_font=&#8221;Roboto Condensed||||||||&#8221; text_font_size=&#8221;26px&#8221;]<\/p>\n<h3 class=\"widget-title\">TUI Mein Schiff 6<\/h3>\n<p>[\/et_pb_text][et_pb_gallery _builder_version=&#8221;4.21.0&#8243; _module_preset=&#8221;default&#8221; hover_enabled=&#8221;0&#8243; sticky_enabled=&#8221;0&#8243; gallery_ids=&#8221;167,168,169,171,172,173,174,175,176&#8243; posts_number=&#8221;100&#8243; show_title_and_caption=&#8221;off&#8221; show_pagination=&#8221;off&#8221;][\/et_pb_gallery][\/et_pb_column][\/et_pb_row][et_pb_row _builder_version=&#8221;4.21.0&#8243; _module_preset=&#8221;default&#8221;][et_pb_column _builder_version=&#8221;4.21.0&#8243; _module_preset=&#8221;default&#8221; type=&#8221;4_4&#8243;][et_pb_text _builder_version=&#8221;4.21.0&#8243; _module_preset=&#8221;default&#8221; border_width_bottom=&#8221;1px&#8221; border_color_bottom=&#8221;#058bd1&#8243; hover_enabled=&#8221;0&#8243; sticky_enabled=&#8221;0&#8243; text_font=&#8221;Roboto Condensed||||||||&#8221; text_font_size=&#8221;26px&#8221;]<\/p>\n<h3 class=\"widget-title\">Ecker\u00f6 Line Finlandia<\/h3>\n<p>[\/et_pb_text][et_pb_gallery _builder_version=&#8221;4.21.0&#8243; _module_preset=&#8221;default&#8221; hover_enabled=&#8221;0&#8243; sticky_enabled=&#8221;0&#8243; gallery_ids=&#8221;178,181&#8243; show_title_and_caption=&#8221;off&#8221; show_pagination=&#8221;off&#8221;][\/et_pb_gallery][\/et_pb_column][\/et_pb_row][et_pb_row _builder_version=&#8221;4.21.0&#8243; _module_preset=&#8221;default&#8221;][et_pb_column _builder_version=&#8221;4.21.0&#8243; _module_preset=&#8221;default&#8221; type=&#8221;4_4&#8243;][et_pb_text _builder_version=&#8221;4.21.0&#8243; _module_preset=&#8221;default&#8221; border_width_bottom=&#8221;1px&#8221; border_color_bottom=&#8221;#058bd1&#8243; hover_enabled=&#8221;0&#8243; sticky_enabled=&#8221;0&#8243; text_font=&#8221;Roboto Condensed||||||||&#8221; text_font_size=&#8221;26px&#8221;]<\/p>\n<h3 class=\"widget-title\">Tallink Megastar<\/h3>\n<p>[\/et_pb_text][et_pb_gallery _builder_version=&#8221;4.21.0&#8243; _module_preset=&#8221;default&#8221; hover_enabled=&#8221;0&#8243; sticky_enabled=&#8221;0&#8243; gallery_ids=&#8221;183&#8243; show_title_and_caption=&#8221;off&#8221; show_pagination=&#8221;off&#8221;][\/et_pb_gallery][\/et_pb_column][\/et_pb_row][\/et_pb_section]<\/p>\n","protected":false},"excerpt":{"rendered":"<p>M\/S OslofjordTUI Mein Schiff 5TUI Mein Schiff 6Ecker\u00f6 Line FinlandiaTallink Megastar<\/p>\n","protected":false},"author":1,"featured_media":0,"parent":0,"menu_order":0,"comment_status":"closed","ping_status":"closed","template":"","meta":{"_et_pb_use_builder":"on","_et_pb_old_content":"<div id=\"pl-11\"  class=\"panel-layout\" ><div id=\"pg-11-0\"  class=\"panel-grid panel-no-style\"  data-style=\"{&quot;background_display&quot;:&quot;tile&quot;,&quot;cell_alignment&quot;:&quot;flex-start&quot;}\" ><div id=\"pgc-11-0-0\"  class=\"panel-grid-cell\"  data-weight=\"1\" ><div id=\"panel-11-0-0-0\" class=\"so-panel widget widget_text panel-first-child panel-last-child\" data-index=\"0\" data-style=\"{&quot;background_display&quot;:&quot;tile&quot;}\" ><h3 class=\"widget-title\">M\/S Oslofjord<\/h3>\t\t\t<div class=\"textwidget\">[foogallery id=\"136\"]<\/div>\n\t\t<\/div><\/div><\/div><div id=\"pg-11-1\"  class=\"panel-grid panel-no-style\"  data-style=\"{&quot;background_display&quot;:&quot;tile&quot;,&quot;cell_alignment&quot;:&quot;flex-start&quot;}\" ><div id=\"pgc-11-1-0\"  class=\"panel-grid-cell\"  data-weight=\"1\" ><div id=\"panel-11-1-0-0\" class=\"so-panel widget widget_text panel-first-child panel-last-child\" data-index=\"1\" data-style=\"{&quot;background_display&quot;:&quot;tile&quot;}\" ><h3 class=\"widget-title\">TUI Mein Schiff 5<\/h3>\t\t\t<div class=\"textwidget\">[foogallery id=\"52\"]<\/div>\n\t\t<\/div><\/div><\/div><div id=\"pg-11-2\"  class=\"panel-grid panel-no-style\"  data-style=\"{&quot;background_display&quot;:&quot;tile&quot;,&quot;cell_alignment&quot;:&quot;flex-start&quot;}\" ><div id=\"pgc-11-2-0\"  class=\"panel-grid-cell\"  data-weight=\"1\" ><div id=\"panel-11-2-0-0\" class=\"so-panel widget widget_text panel-first-child panel-last-child\" data-index=\"2\" data-style=\"{&quot;background_display&quot;:&quot;tile&quot;}\" ><h3 class=\"widget-title\">TUI Mein Schiff 6<\/h3>\t\t\t<div class=\"textwidget\">[foogallery id=\"137\"]<\/div>\n\t\t<\/div><\/div><\/div><div id=\"pg-11-3\"  class=\"panel-grid panel-no-style\"  data-style=\"{&quot;background_display&quot;:&quot;tile&quot;,&quot;cell_alignment&quot;:&quot;flex-start&quot;}\" ><div id=\"pgc-11-3-0\"  class=\"panel-grid-cell\"  data-weight=\"1\" ><div id=\"panel-11-3-0-0\" class=\"so-panel widget widget_text panel-first-child panel-last-child\" data-index=\"3\" data-style=\"{&quot;background_display&quot;:&quot;tile&quot;}\" ><h3 class=\"widget-title\">Ecker\u00f6 Line Finlandia<\/h3>\t\t\t<div class=\"textwidget\">[foogallery id=\"177\"]<\/div>\n\t\t<\/div><\/div><\/div><div id=\"pg-11-4\"  class=\"panel-grid panel-no-style\"  data-style=\"{&quot;background_display&quot;:&quot;tile&quot;,&quot;cell_alignment&quot;:&quot;flex-start&quot;}\" ><div id=\"pgc-11-4-0\"  class=\"panel-grid-cell\"  data-weight=\"1\" ><div id=\"panel-11-4-0-0\" class=\"so-panel widget widget_text panel-first-child panel-last-child\" data-index=\"4\" data-style=\"{&quot;background_display&quot;:&quot;tile&quot;}\" ><h3 class=\"widget-title\">Tallink Megastar<\/h3>\t\t\t<div class=\"textwidget\">[foogallery id=\"182\"]<\/div>\n\t\t<\/div><\/div><\/div><\/div>","_et_gb_content_width":"","footnotes":""},"class_list":["post-11","page","type-page","status-publish","hentry"],"yoast_head":"<!-- This site is optimized with the Yoast SEO plugin v26.8 - https:\/\/yoast.com\/product\/yoast-seo-wordpress\/ -->\n<title>Referenssit tyytyv\u00e4isilt\u00e4 asiakkailtamme - Koni Floor Oy<\/title>\n<meta name=\"description\" content=\"Koni Floor on toimittanut lattiaratkaisuja jo usealle tyytyv\u00e4iselle asiakkaalle. Referenssikuvia toimittamistamme ratkaisuista.\" \/>\n<meta name=\"robots\" content=\"index, follow, max-snippet:-1, max-image-preview:large, max-video-preview:-1\" \/>\n<link rel=\"canonical\" href=\"https:\/\/www.konifloor.fi\/?page_id=11\" \/>\n<meta property=\"og:locale\" content=\"fi_FI\" \/>\n<meta property=\"og:type\" content=\"article\" \/>\n<meta property=\"og:title\" content=\"Referenssit tyytyv\u00e4isilt\u00e4 asiakkailtamme - Koni Floor Oy\" \/>\n<meta property=\"og:description\" content=\"Koni Floor on toimittanut lattiaratkaisuja jo usealle tyytyv\u00e4iselle asiakkaalle. Referenssikuvia toimittamistamme ratkaisuista.\" \/>\n<meta property=\"og:url\" content=\"https:\/\/www.konifloor.fi\/?page_id=11\" \/>\n<meta property=\"og:site_name\" content=\"Koni Floor Oy\" \/>\n<meta property=\"article:modified_time\" content=\"2025-12-16T13:39:09+00:00\" \/>\n<meta name=\"twitter:card\" content=\"summary_large_image\" \/>\n<meta name=\"twitter:label1\" content=\"Arvioitu lukuaika\" \/>\n\t<meta name=\"twitter:data1\" content=\"2 minuuttia\" \/>\n<script type=\"application\/ld+json\" class=\"yoast-schema-graph\">{\"@context\":\"https:\/\/schema.org\",\"@graph\":[{\"@type\":\"WebPage\",\"@id\":\"https:\/\/www.konifloor.fi\/?page_id=11\",\"url\":\"https:\/\/www.konifloor.fi\/?page_id=11\",\"name\":\"Referenssit tyytyv\u00e4isilt\u00e4 asiakkailtamme - Koni Floor Oy\",\"isPartOf\":{\"@id\":\"https:\/\/www.konifloor.fi\/#website\"},\"datePublished\":\"2017-05-17T10:02:05+00:00\",\"dateModified\":\"2025-12-16T13:39:09+00:00\",\"description\":\"Koni Floor on toimittanut lattiaratkaisuja jo usealle tyytyv\u00e4iselle asiakkaalle. Referenssikuvia toimittamistamme ratkaisuista.\",\"breadcrumb\":{\"@id\":\"https:\/\/www.konifloor.fi\/?page_id=11#breadcrumb\"},\"inLanguage\":\"fi\",\"potentialAction\":[{\"@type\":\"ReadAction\",\"target\":[\"https:\/\/www.konifloor.fi\/?page_id=11\"]}]},{\"@type\":\"BreadcrumbList\",\"@id\":\"https:\/\/www.konifloor.fi\/?page_id=11#breadcrumb\",\"itemListElement\":[{\"@type\":\"ListItem\",\"position\":1,\"name\":\"Home\",\"item\":\"https:\/\/www.konifloor.fi\/\"},{\"@type\":\"ListItem\",\"position\":2,\"name\":\"Referenssit\"}]},{\"@type\":\"WebSite\",\"@id\":\"https:\/\/www.konifloor.fi\/#website\",\"url\":\"https:\/\/www.konifloor.fi\/\",\"name\":\"Koni Floor Oy\",\"description\":\"Lattiaty\u00f6t kotiin, teollisuuteen ja risteilij\u00f6ihin\",\"publisher\":{\"@id\":\"https:\/\/www.konifloor.fi\/#organization\"},\"potentialAction\":[{\"@type\":\"SearchAction\",\"target\":{\"@type\":\"EntryPoint\",\"urlTemplate\":\"https:\/\/www.konifloor.fi\/?s={search_term_string}\"},\"query-input\":{\"@type\":\"PropertyValueSpecification\",\"valueRequired\":true,\"valueName\":\"search_term_string\"}}],\"inLanguage\":\"fi\"},{\"@type\":\"Organization\",\"@id\":\"https:\/\/www.konifloor.fi\/#organization\",\"name\":\"Koni Floor Oy\",\"url\":\"https:\/\/www.konifloor.fi\/\",\"logo\":{\"@type\":\"ImageObject\",\"inLanguage\":\"fi\",\"@id\":\"https:\/\/www.konifloor.fi\/#\/schema\/logo\/image\/\",\"url\":\"https:\/\/www.konifloor.fi\/wp-content\/uploads\/2017\/05\/koni_floor_logo_web.png\",\"contentUrl\":\"https:\/\/www.konifloor.fi\/wp-content\/uploads\/2017\/05\/koni_floor_logo_web.png\",\"width\":325,\"height\":71,\"caption\":\"Koni Floor Oy\"},\"image\":{\"@id\":\"https:\/\/www.konifloor.fi\/#\/schema\/logo\/image\/\"}}]}<\/script>\n<!-- \/ Yoast SEO plugin. -->","yoast_head_json":{"title":"Referenssit tyytyv\u00e4isilt\u00e4 asiakkailtamme - Koni Floor Oy","description":"Koni Floor on toimittanut lattiaratkaisuja jo usealle tyytyv\u00e4iselle asiakkaalle. Referenssikuvia toimittamistamme ratkaisuista.","robots":{"index":"index","follow":"follow","max-snippet":"max-snippet:-1","max-image-preview":"max-image-preview:large","max-video-preview":"max-video-preview:-1"},"canonical":"https:\/\/www.konifloor.fi\/?page_id=11","og_locale":"fi_FI","og_type":"article","og_title":"Referenssit tyytyv\u00e4isilt\u00e4 asiakkailtamme - Koni Floor Oy","og_description":"Koni Floor on toimittanut lattiaratkaisuja jo usealle tyytyv\u00e4iselle asiakkaalle. Referenssikuvia toimittamistamme ratkaisuista.","og_url":"https:\/\/www.konifloor.fi\/?page_id=11","og_site_name":"Koni Floor Oy","article_modified_time":"2025-12-16T13:39:09+00:00","twitter_card":"summary_large_image","twitter_misc":{"Arvioitu lukuaika":"2 minuuttia"},"schema":{"@context":"https:\/\/schema.org","@graph":[{"@type":"WebPage","@id":"https:\/\/www.konifloor.fi\/?page_id=11","url":"https:\/\/www.konifloor.fi\/?page_id=11","name":"Referenssit tyytyv\u00e4isilt\u00e4 asiakkailtamme - Koni Floor Oy","isPartOf":{"@id":"https:\/\/www.konifloor.fi\/#website"},"datePublished":"2017-05-17T10:02:05+00:00","dateModified":"2025-12-16T13:39:09+00:00","description":"Koni Floor on toimittanut lattiaratkaisuja jo usealle tyytyv\u00e4iselle asiakkaalle. Referenssikuvia toimittamistamme ratkaisuista.","breadcrumb":{"@id":"https:\/\/www.konifloor.fi\/?page_id=11#breadcrumb"},"inLanguage":"fi","potentialAction":[{"@type":"ReadAction","target":["https:\/\/www.konifloor.fi\/?page_id=11"]}]},{"@type":"BreadcrumbList","@id":"https:\/\/www.konifloor.fi\/?page_id=11#breadcrumb","itemListElement":[{"@type":"ListItem","position":1,"name":"Home","item":"https:\/\/www.konifloor.fi\/"},{"@type":"ListItem","position":2,"name":"Referenssit"}]},{"@type":"WebSite","@id":"https:\/\/www.konifloor.fi\/#website","url":"https:\/\/www.konifloor.fi\/","name":"Koni Floor Oy","description":"Lattiaty\u00f6t kotiin, teollisuuteen ja risteilij\u00f6ihin","publisher":{"@id":"https:\/\/www.konifloor.fi\/#organization"},"potentialAction":[{"@type":"SearchAction","target":{"@type":"EntryPoint","urlTemplate":"https:\/\/www.konifloor.fi\/?s={search_term_string}"},"query-input":{"@type":"PropertyValueSpecification","valueRequired":true,"valueName":"search_term_string"}}],"inLanguage":"fi"},{"@type":"Organization","@id":"https:\/\/www.konifloor.fi\/#organization","name":"Koni Floor Oy","url":"https:\/\/www.konifloor.fi\/","logo":{"@type":"ImageObject","inLanguage":"fi","@id":"https:\/\/www.konifloor.fi\/#\/schema\/logo\/image\/","url":"https:\/\/www.konifloor.fi\/wp-content\/uploads\/2017\/05\/koni_floor_logo_web.png","contentUrl":"https:\/\/www.konifloor.fi\/wp-content\/uploads\/2017\/05\/koni_floor_logo_web.png","width":325,"height":71,"caption":"Koni Floor Oy"},"image":{"@id":"https:\/\/www.konifloor.fi\/#\/schema\/logo\/image\/"}}]}},"_links":{"self":[{"href":"https:\/\/www.konifloor.fi\/index.php?rest_route=\/wp\/v2\/pages\/11","targetHints":{"allow":["GET"]}}],"collection":[{"href":"https:\/\/www.konifloor.fi\/index.php?rest_route=\/wp\/v2\/pages"}],"about":[{"href":"https:\/\/www.konifloor.fi\/index.php?rest_route=\/wp\/v2\/types\/page"}],"author":[{"embeddable":true,"href":"https:\/\/www.konifloor.fi\/index.php?rest_route=\/wp\/v2\/users\/1"}],"replies":[{"embeddable":true,"href":"https:\/\/www.konifloor.fi\/index.php?rest_route=%2Fwp%2Fv2%2Fcomments&post=11"}],"version-history":[{"count":15,"href":"https:\/\/www.konifloor.fi\/index.php?rest_route=\/wp\/v2\/pages\/11\/revisions"}],"predecessor-version":[{"id":7060,"href":"https:\/\/www.konifloor.fi\/index.php?rest_route=\/wp\/v2\/pages\/11\/revisions\/7060"}],"wp:attachment":[{"href":"https:\/\/www.konifloor.fi\/index.php?rest_route=%2Fwp%2Fv2%2Fmedia&parent=11"}],"curies":[{"name":"wp","href":"https:\/\/api.w.org\/{rel}","templated":true}]}}