{"id":7,"date":"2017-05-17T13:01:24","date_gmt":"2017-05-17T10:01:24","guid":{"rendered":"http:\/\/konifloor.dev.trival.fi\/?page_id=7"},"modified":"2026-01-13T15:13:01","modified_gmt":"2026-01-13T13:13:01","slug":"etusivu","status":"publish","type":"page","link":"https:\/\/www.konifloor.fi\/","title":{"rendered":"Etusivu"},"content":{"rendered":"<p>[et_pb_section fb_built=&#8221;1&#8243; theme_builder_area=&#8221;post_content&#8221; _builder_version=&#8221;4.21.0&#8243; _module_preset=&#8221;default&#8221; custom_margin=&#8221;0px||0px||false|false&#8221; custom_padding=&#8221;0px||0px||false|false&#8221; hover_enabled=&#8221;0&#8243; sticky_enabled=&#8221;0&#8243;][et_pb_row _builder_version=&#8221;4.21.0&#8243; _module_preset=&#8221;default&#8221; theme_builder_area=&#8221;post_content&#8221; width=&#8221;100%&#8221; max_width=&#8221;100%&#8221; hover_enabled=&#8221;0&#8243; sticky_enabled=&#8221;0&#8243; custom_margin=&#8221;0px||0px||false|false&#8221; custom_padding=&#8221;0px||0px||false|false&#8221;][et_pb_column _builder_version=&#8221;4.21.0&#8243; _module_preset=&#8221;default&#8221; type=&#8221;4_4&#8243; theme_builder_area=&#8221;post_content&#8221;][et_pb_slider _builder_version=&#8221;4.21.0&#8243; _module_preset=&#8221;default&#8221; theme_builder_area=&#8221;post_content&#8221; hover_enabled=&#8221;0&#8243; sticky_enabled=&#8221;0&#8243; max_height=&#8221;400px&#8221; height=&#8221;400px&#8221; hover_transition_duration=&#8221;150ms&#8221;][et_pb_slide _builder_version=&#8221;4.21.0&#8243; _module_preset=&#8221;default&#8221; theme_builder_area=&#8221;post_content&#8221; title_text=&#8221;risteilijoihin&#8221; background_image=&#8221;https:\/\/www.konifloor.fi\/wp-content\/uploads\/2025\/12\/risteilijoihin.jpg&#8221; background_enable_image=&#8221;on&#8221; hover_enabled=&#8221;0&#8243; sticky_enabled=&#8221;0&#8243;][\/et_pb_slide][et_pb_slide _builder_version=&#8221;4.21.0&#8243; _module_preset=&#8221;default&#8221; theme_builder_area=&#8221;post_content&#8221; title_text=&#8221;IMG_0002&#8243; background_image=&#8221;https:\/\/www.konifloor.fi\/wp-content\/uploads\/2017\/05\/IMG_0002.jpg&#8221; background_enable_image=&#8221;on&#8221; hover_enabled=&#8221;0&#8243; sticky_enabled=&#8221;0&#8243;][\/et_pb_slide][\/et_pb_slider][\/et_pb_column][\/et_pb_row][\/et_pb_section][et_pb_section fb_built=&#8221;1&#8243; admin_label=&#8221;section&#8221; _builder_version=&#8221;4.16&#8243; global_colors_info=&#8221;{}&#8221;][et_pb_row column_structure=&#8221;1_2,1_2&#8243; _builder_version=&#8221;4.21.0&#8243; _module_preset=&#8221;default&#8221; global_colors_info=&#8221;{}&#8221;][et_pb_column type=&#8221;1_2&#8243; _builder_version=&#8221;4.21.0&#8243; _module_preset=&#8221;default&#8221; global_colors_info=&#8221;{}&#8221;][et_pb_text _builder_version=&#8221;4.21.0&#8243; _module_preset=&#8221;default&#8221; global_colors_info=&#8221;{}&#8221;]<\/p>\n<h3 class=\"widget-title\">Koni Floor Oy<\/h3>\n<div class=\"textwidget\">\n<p>Koni Floor Oy on Varsinais-Suomalainen lattia-alan yritys. Toimimme p\u00e4\u00e4asiallisesti risteilij\u00f6iden parissa Meyerin telakalla Turussa, mutta my\u00f6s ymp\u00e4ri Maailmaa tarpeen vaatiessa.<\/p>\n<p>Etsimme aina uusia ja innovatiivisia ratkaisuja ongelmiin joita haastavassa laivanrakennuksessa tulee eteen. Yli 10 vuoden kokemuksella ty\u00f6t hoituvat rutiinilla ja sovituissa aikatauluissa.<\/p>\n<p>Kauttamme saat my\u00f6s lattiaratkaisut niin kodin kuin teollisuudenkin tarpeisiin.<\/p>\n<p><a href=\"https:\/\/www.konifloor.fi\/yhteystiedot\/\">Ota rohkeasti yhteytt\u00e4<\/a> niin etsit\u00e4\u00e4n juuri sinun tarpeisiisi oikeat ratkaisut<\/p>\n<\/div>\n<p>[\/et_pb_text][\/et_pb_column][et_pb_column type=&#8221;1_2&#8243; _builder_version=&#8221;4.21.0&#8243; _module_preset=&#8221;default&#8221; global_colors_info=&#8221;{}&#8221;][et_pb_text _builder_version=&#8221;4.21.0&#8243; _module_preset=&#8221;default&#8221; global_colors_info=&#8221;{}&#8221;]<\/p>\n<h2 class=\"widget-title\">Meilt\u00e4 lattiaratkaisut<\/h2>\n<p>[\/et_pb_text][et_pb_button button_text=&#8221;Kotiin&#8221; button_alignment=&#8221;left&#8221; _builder_version=&#8221;4.21.0&#8243; _module_preset=&#8221;default&#8221; custom_button=&#8221;on&#8221; button_text_color=&#8221;#FFFFFF&#8221; button_bg_color=&#8221;#4485eb&#8221; button_font=&#8221;||||||||&#8221; button_use_icon=&#8221;off&#8221; global_colors_info=&#8221;{}&#8221;][\/et_pb_button][et_pb_button button_text=&#8221;Teollisuuteen&#8221; _builder_version=&#8221;4.21.0&#8243; _module_preset=&#8221;default&#8221; custom_button=&#8221;on&#8221; button_text_color=&#8221;#FFFFFF&#8221; button_bg_color=&#8221;#4485eb&#8221; button_use_icon=&#8221;off&#8221; global_colors_info=&#8221;{}&#8221;][\/et_pb_button][et_pb_button button_text=&#8221;Risteilij\u00f6ihin&#8221; _builder_version=&#8221;4.21.0&#8243; _module_preset=&#8221;default&#8221; custom_button=&#8221;on&#8221; button_text_color=&#8221;#FFFFFF&#8221; button_bg_color=&#8221;#4485eb&#8221; button_use_icon=&#8221;off&#8221; global_colors_info=&#8221;{}&#8221;][\/et_pb_button][\/et_pb_column][\/et_pb_row][\/et_pb_section]<\/p>\n","protected":false},"excerpt":{"rendered":"<p>Koni Floor Oy Koni Floor Oy on Varsinais-Suomalainen lattia-alan yritys. Toimimme p\u00e4\u00e4asiallisesti risteilij\u00f6iden parissa Meyerin telakalla Turussa, mutta my\u00f6s ymp\u00e4ri Maailmaa tarpeen vaatiessa. Etsimme aina uusia ja innovatiivisia ratkaisuja ongelmiin joita haastavassa laivanrakennuksessa tulee eteen. Yli 10 vuoden kokemuksella ty\u00f6t hoituvat rutiinilla ja sovituissa aikatauluissa. Kauttamme saat my\u00f6s lattiaratkaisut niin kodin kuin teollisuudenkin tarpeisiin. Ota [&hellip;]<\/p>\n","protected":false},"author":1,"featured_media":0,"parent":0,"menu_order":0,"comment_status":"closed","ping_status":"closed","template":"","meta":{"_et_pb_use_builder":"on","_et_pb_old_content":"<div id=\"pl-7\"  class=\"panel-layout\" ><div id=\"pg-7-0\"  class=\"panel-grid panel-no-style\"  data-style=\"{&quot;background_display&quot;:&quot;tile&quot;,&quot;cell_alignment&quot;:&quot;flex-start&quot;}\" ><div id=\"pgc-7-0-0\"  class=\"panel-grid-cell\"  data-weight=\"1\" ><div id=\"panel-7-0-0-0\" class=\"so-panel widget widget_rev-slider-widget widget_revslider panel-first-child panel-last-child\" data-index=\"0\" data-style=\"{&quot;background_display&quot;:&quot;tile&quot;}\" >[siteorigin_widget class=\"RevSliderWidget\"]<input type=\"hidden\" value=\"{&quot;instance&quot;:{&quot;rev_slider_title&quot;:&quot;&quot;,&quot;rev_slider&quot;:&quot;2&quot;,&quot;rev_slider_homepage&quot;:&quot;on&quot;,&quot;rev_slider_pages&quot;:&quot;&quot;,&quot;id&quot;:&quot;rev-slider-widget-710000&quot;,&quot;option_name&quot;:&quot;widget_rev-slider-widget&quot;},&quot;args&quot;:{&quot;before_widget&quot;:&quot;&lt;div id=&quot;panel-7-0-0-0&quot; class=&quot;so-panel widget widget_rev-slider-widget widget_revslider panel-first-child panel-last-child&quot; data-index=&quot;0&quot; data-style=&quot;{&amp;quot;background_display&amp;quot;:&amp;quot;tile&amp;quot;}&quot; &gt;&quot;,&quot;after_widget&quot;:&quot;&lt;\/div&gt;&quot;,&quot;before_title&quot;:&quot;&lt;h3 class=&quot;widget-title&quot;&gt;&quot;,&quot;after_title&quot;:&quot;&lt;\/h3&gt;&quot;,&quot;widget_id&quot;:&quot;widget-0-0-0&quot;}}\" \/>[\/siteorigin_widget]<\/div><\/div><\/div><div id=\"pg-7-1\"  class=\"panel-grid panel-no-style\"  data-style=\"{&quot;background_display&quot;:&quot;tile&quot;,&quot;cell_alignment&quot;:&quot;flex-start&quot;}\" ><div id=\"pgc-7-1-0\"  class=\"panel-grid-cell\"  data-weight=\"0.5\" ><div id=\"panel-7-1-0-0\" class=\"so-panel widget widget_text panel-first-child panel-last-child\" data-index=\"1\" data-style=\"{&quot;background_image_attachment&quot;:false,&quot;background_display&quot;:&quot;tile&quot;}\" ><h3 class=\"widget-title\">Koni Floor Oy<\/h3>\t\t\t<div class=\"textwidget\"><p>Koni Floor Oy on Varsinais-Suomalainen lattia-alan yritys. Toimimme p\u00e4\u00e4asiallisesti risteilij\u00f6iden parissa Meyerin telakalla Turussa, mutta my\u00f6s ymp\u00e4ri Maailmaa tarpeen vaatiessa.<br \/>\nEtsimme aina uusia ja innovatiivisia ratkaisuja ongelmiin joita haastavassa laivanrakennuksessa tulee eteen. Yli 10 vuoden kokemuksella ty\u00f6t hoituvat rutiinilla ja sovituissa aikatauluissa.<\/p>\n<p>Kauttamme saat my\u00f6s lattiaratkaisut niin kodin kuin teollisuudenkin tarpeisiin.<br \/>\n<a href=\"https:\/\/www.konifloor.fi\/yhteystiedot\/\">Ota rohkeasti yhteytt\u00e4<\/a> niin etsit\u00e4\u00e4n juuri sinun tarpeisiisi oikeat ratkaisut<\/p>\n<\/div>\n\t\t<\/div><\/div><div id=\"pgc-7-1-1\"  class=\"panel-grid-cell\"  data-weight=\"0.5\" ><div id=\"panel-7-1-1-0\" class=\"so-panel widget widget_text panel-first-child panel-last-child\" data-index=\"2\" data-style=\"{&quot;background_display&quot;:&quot;tile&quot;}\" ><h3 class=\"widget-title\">Meilt\u00e4 lattiaratkaisut<\/h3>\t\t\t<div class=\"textwidget\"><ul class=\"lattiaratkaisut\">\n<li><a href=\"https:\/\/www.konifloor.fi\/lattiatyot\/\"><i class=\"fa fa-home\"><\/i> Kotiin<\/a><\/li>\n<li><a href=\"https:\/\/www.konifloor.fi\/lattiatyot\/\"><i class=\"fa fa-industry\"><\/i> Teollisuuteen<\/a><\/li>\n<li><a href=\"https:\/\/www.konifloor.fi\/lattiatyot\/\"><i class=\"fa fa-ship\"><\/i> Risteilij\u00f6ihin<\/a><\/li>\n<\/ul><\/div>\n\t\t<\/div><\/div><\/div><\/div>","_et_gb_content_width":"","footnotes":""},"class_list":["post-7","page","type-page","status-publish","hentry"],"yoast_head":"<!-- This site is optimized with the Yoast SEO plugin v26.8 - https:\/\/yoast.com\/product\/yoast-seo-wordpress\/ -->\n<title>Koni Floor Oy - Lattiaratkaisut risteilij\u00f6ihin, teollisuuteen ja kotiin<\/title>\n<meta name=\"description\" content=\"Koni Floor Oy toimittaa lattiaratkaisut ammattitaidolla. Toimimme p\u00e4\u00e4asiallisesti risteilij\u00f6iden parissa Meyerin telakalla Turussa.\" \/>\n<meta name=\"robots\" content=\"index, follow, max-snippet:-1, max-image-preview:large, max-video-preview:-1\" \/>\n<link rel=\"canonical\" href=\"https:\/\/www.konifloor.fi\/\" \/>\n<meta property=\"og:locale\" content=\"fi_FI\" \/>\n<meta property=\"og:type\" content=\"article\" \/>\n<meta property=\"og:title\" content=\"Koni Floor Oy - Lattiaratkaisut risteilij\u00f6ihin, teollisuuteen ja kotiin\" \/>\n<meta property=\"og:description\" content=\"Koni Floor Oy toimittaa lattiaratkaisut ammattitaidolla. Toimimme p\u00e4\u00e4asiallisesti risteilij\u00f6iden parissa Meyerin telakalla Turussa.\" \/>\n<meta property=\"og:url\" content=\"https:\/\/www.konifloor.fi\/\" \/>\n<meta property=\"og:site_name\" content=\"Koni Floor Oy\" \/>\n<meta property=\"article:modified_time\" content=\"2026-01-13T13:13:01+00:00\" \/>\n<meta name=\"twitter:card\" content=\"summary_large_image\" \/>\n<meta name=\"twitter:label1\" content=\"Arvioitu lukuaika\" \/>\n\t<meta name=\"twitter:data1\" content=\"2 minuuttia\" \/>\n<script type=\"application\/ld+json\" class=\"yoast-schema-graph\">{\"@context\":\"https:\/\/schema.org\",\"@graph\":[{\"@type\":\"WebPage\",\"@id\":\"https:\/\/www.konifloor.fi\/\",\"url\":\"https:\/\/www.konifloor.fi\/\",\"name\":\"Koni Floor Oy - Lattiaratkaisut risteilij\u00f6ihin, teollisuuteen ja kotiin\",\"isPartOf\":{\"@id\":\"https:\/\/www.konifloor.fi\/#website\"},\"datePublished\":\"2017-05-17T10:01:24+00:00\",\"dateModified\":\"2026-01-13T13:13:01+00:00\",\"description\":\"Koni Floor Oy toimittaa lattiaratkaisut ammattitaidolla. Toimimme p\u00e4\u00e4asiallisesti risteilij\u00f6iden parissa Meyerin telakalla Turussa.\",\"breadcrumb\":{\"@id\":\"https:\/\/www.konifloor.fi\/#breadcrumb\"},\"inLanguage\":\"fi\",\"potentialAction\":[{\"@type\":\"ReadAction\",\"target\":[\"https:\/\/www.konifloor.fi\/\"]}]},{\"@type\":\"BreadcrumbList\",\"@id\":\"https:\/\/www.konifloor.fi\/#breadcrumb\",\"itemListElement\":[{\"@type\":\"ListItem\",\"position\":1,\"name\":\"Home\",\"item\":\"https:\/\/www.konifloor.fi\/\"},{\"@type\":\"ListItem\",\"position\":2,\"name\":\"Etusivu\"}]},{\"@type\":\"WebSite\",\"@id\":\"https:\/\/www.konifloor.fi\/#website\",\"url\":\"https:\/\/www.konifloor.fi\/\",\"name\":\"Koni Floor Oy\",\"description\":\"Lattiaty\u00f6t kotiin, teollisuuteen ja risteilij\u00f6ihin\",\"publisher\":{\"@id\":\"https:\/\/www.konifloor.fi\/#organization\"},\"potentialAction\":[{\"@type\":\"SearchAction\",\"target\":{\"@type\":\"EntryPoint\",\"urlTemplate\":\"https:\/\/www.konifloor.fi\/?s={search_term_string}\"},\"query-input\":{\"@type\":\"PropertyValueSpecification\",\"valueRequired\":true,\"valueName\":\"search_term_string\"}}],\"inLanguage\":\"fi\"},{\"@type\":\"Organization\",\"@id\":\"https:\/\/www.konifloor.fi\/#organization\",\"name\":\"Koni Floor Oy\",\"url\":\"https:\/\/www.konifloor.fi\/\",\"logo\":{\"@type\":\"ImageObject\",\"inLanguage\":\"fi\",\"@id\":\"https:\/\/www.konifloor.fi\/#\/schema\/logo\/image\/\",\"url\":\"https:\/\/www.konifloor.fi\/wp-content\/uploads\/2017\/05\/koni_floor_logo_web.png\",\"contentUrl\":\"https:\/\/www.konifloor.fi\/wp-content\/uploads\/2017\/05\/koni_floor_logo_web.png\",\"width\":325,\"height\":71,\"caption\":\"Koni Floor Oy\"},\"image\":{\"@id\":\"https:\/\/www.konifloor.fi\/#\/schema\/logo\/image\/\"}}]}<\/script>\n<!-- \/ Yoast SEO plugin. -->","yoast_head_json":{"title":"Koni Floor Oy - Lattiaratkaisut risteilij\u00f6ihin, teollisuuteen ja kotiin","description":"Koni Floor Oy toimittaa lattiaratkaisut ammattitaidolla. Toimimme p\u00e4\u00e4asiallisesti risteilij\u00f6iden parissa Meyerin telakalla Turussa.","robots":{"index":"index","follow":"follow","max-snippet":"max-snippet:-1","max-image-preview":"max-image-preview:large","max-video-preview":"max-video-preview:-1"},"canonical":"https:\/\/www.konifloor.fi\/","og_locale":"fi_FI","og_type":"article","og_title":"Koni Floor Oy - Lattiaratkaisut risteilij\u00f6ihin, teollisuuteen ja kotiin","og_description":"Koni Floor Oy toimittaa lattiaratkaisut ammattitaidolla. Toimimme p\u00e4\u00e4asiallisesti risteilij\u00f6iden parissa Meyerin telakalla Turussa.","og_url":"https:\/\/www.konifloor.fi\/","og_site_name":"Koni Floor Oy","article_modified_time":"2026-01-13T13:13:01+00:00","twitter_card":"summary_large_image","twitter_misc":{"Arvioitu lukuaika":"2 minuuttia"},"schema":{"@context":"https:\/\/schema.org","@graph":[{"@type":"WebPage","@id":"https:\/\/www.konifloor.fi\/","url":"https:\/\/www.konifloor.fi\/","name":"Koni Floor Oy - Lattiaratkaisut risteilij\u00f6ihin, teollisuuteen ja kotiin","isPartOf":{"@id":"https:\/\/www.konifloor.fi\/#website"},"datePublished":"2017-05-17T10:01:24+00:00","dateModified":"2026-01-13T13:13:01+00:00","description":"Koni Floor Oy toimittaa lattiaratkaisut ammattitaidolla. Toimimme p\u00e4\u00e4asiallisesti risteilij\u00f6iden parissa Meyerin telakalla Turussa.","breadcrumb":{"@id":"https:\/\/www.konifloor.fi\/#breadcrumb"},"inLanguage":"fi","potentialAction":[{"@type":"ReadAction","target":["https:\/\/www.konifloor.fi\/"]}]},{"@type":"BreadcrumbList","@id":"https:\/\/www.konifloor.fi\/#breadcrumb","itemListElement":[{"@type":"ListItem","position":1,"name":"Home","item":"https:\/\/www.konifloor.fi\/"},{"@type":"ListItem","position":2,"name":"Etusivu"}]},{"@type":"WebSite","@id":"https:\/\/www.konifloor.fi\/#website","url":"https:\/\/www.konifloor.fi\/","name":"Koni Floor Oy","description":"Lattiaty\u00f6t kotiin, teollisuuteen ja risteilij\u00f6ihin","publisher":{"@id":"https:\/\/www.konifloor.fi\/#organization"},"potentialAction":[{"@type":"SearchAction","target":{"@type":"EntryPoint","urlTemplate":"https:\/\/www.konifloor.fi\/?s={search_term_string}"},"query-input":{"@type":"PropertyValueSpecification","valueRequired":true,"valueName":"search_term_string"}}],"inLanguage":"fi"},{"@type":"Organization","@id":"https:\/\/www.konifloor.fi\/#organization","name":"Koni Floor Oy","url":"https:\/\/www.konifloor.fi\/","logo":{"@type":"ImageObject","inLanguage":"fi","@id":"https:\/\/www.konifloor.fi\/#\/schema\/logo\/image\/","url":"https:\/\/www.konifloor.fi\/wp-content\/uploads\/2017\/05\/koni_floor_logo_web.png","contentUrl":"https:\/\/www.konifloor.fi\/wp-content\/uploads\/2017\/05\/koni_floor_logo_web.png","width":325,"height":71,"caption":"Koni Floor Oy"},"image":{"@id":"https:\/\/www.konifloor.fi\/#\/schema\/logo\/image\/"}}]}},"_links":{"self":[{"href":"https:\/\/www.konifloor.fi\/index.php?rest_route=\/wp\/v2\/pages\/7","targetHints":{"allow":["GET"]}}],"collection":[{"href":"https:\/\/www.konifloor.fi\/index.php?rest_route=\/wp\/v2\/pages"}],"about":[{"href":"https:\/\/www.konifloor.fi\/index.php?rest_route=\/wp\/v2\/types\/page"}],"author":[{"embeddable":true,"href":"https:\/\/www.konifloor.fi\/index.php?rest_route=\/wp\/v2\/users\/1"}],"replies":[{"embeddable":true,"href":"https:\/\/www.konifloor.fi\/index.php?rest_route=%2Fwp%2Fv2%2Fcomments&post=7"}],"version-history":[{"count":37,"href":"https:\/\/www.konifloor.fi\/index.php?rest_route=\/wp\/v2\/pages\/7\/revisions"}],"predecessor-version":[{"id":7070,"href":"https:\/\/www.konifloor.fi\/index.php?rest_route=\/wp\/v2\/pages\/7\/revisions\/7070"}],"wp:attachment":[{"href":"https:\/\/www.konifloor.fi\/index.php?rest_route=%2Fwp%2Fv2%2Fmedia&parent=7"}],"curies":[{"name":"wp","href":"https:\/\/api.w.org\/{rel}","templated":true}]}}