{"id":9,"date":"2017-05-17T13:01:46","date_gmt":"2017-05-17T10:01:46","guid":{"rendered":"http:\/\/konifloor.dev.trival.fi\/?page_id=9"},"modified":"2025-12-16T15:30:54","modified_gmt":"2025-12-16T13:30:54","slug":"lattiatyot","status":"publish","type":"page","link":"https:\/\/www.konifloor.fi\/?page_id=9","title":{"rendered":"Lattiaty\u00f6t"},"content":{"rendered":"<p>[et_pb_section fb_built=&#8221;1&#8243; admin_label=&#8221;section&#8221; _builder_version=&#8221;4.16&#8243; global_colors_info=&#8221;{}&#8221;][et_pb_row _builder_version=&#8221;4.21.0&#8243; _module_preset=&#8221;default&#8221; column_structure=&#8221;2_5,3_5&#8243; hover_enabled=&#8221;0&#8243; sticky_enabled=&#8221;0&#8243;][et_pb_column _builder_version=&#8221;4.21.0&#8243; _module_preset=&#8221;default&#8221; type=&#8221;2_5&#8243;][et_pb_text _builder_version=&#8221;4.21.0&#8243; _module_preset=&#8221;default&#8221; hover_enabled=&#8221;0&#8243; sticky_enabled=&#8221;0&#8243; header_font=&#8221;Roboto Condensed||||||||&#8221; header_font_size=&#8221;26px&#8221; border_width_bottom=&#8221;1px&#8221; border_color_bottom=&#8221;#058bd1&#8243;]<\/p>\n<h1>Kotiin<\/h1>\n<p>[\/et_pb_text][\/et_pb_column][et_pb_column _builder_version=&#8221;4.21.0&#8243; _module_preset=&#8221;default&#8221; type=&#8221;3_5&#8243;][et_pb_image src=&#8221;https:\/\/www.konifloor.fi\/wp-content\/uploads\/2025\/12\/kotiin.jpg&#8221; _builder_version=&#8221;4.21.0&#8243; _module_preset=&#8221;default&#8221; title_text=&#8221;kotiin&#8221; hover_enabled=&#8221;0&#8243; sticky_enabled=&#8221;0&#8243; max_width=&#8221;300px&#8221; box_shadow_style=&#8221;preset1&#8243; border_radii=&#8221;on|10px|10px|10px|10px&#8221; border_color_all=&#8221;#FFFFFF&#8221; border_width_all=&#8221;5px&#8221;][\/et_pb_image][\/et_pb_column][\/et_pb_row][et_pb_row _builder_version=&#8221;4.21.0&#8243; _module_preset=&#8221;default&#8221; column_structure=&#8221;2_5,3_5&#8243; hover_enabled=&#8221;0&#8243; sticky_enabled=&#8221;0&#8243;][et_pb_column _builder_version=&#8221;4.21.0&#8243; _module_preset=&#8221;default&#8221; type=&#8221;2_5&#8243;][et_pb_text _builder_version=&#8221;4.21.0&#8243; _module_preset=&#8221;default&#8221; header_2_font=&#8221;Roboto Condensed||||||||&#8221; hover_enabled=&#8221;0&#8243; sticky_enabled=&#8221;0&#8243; border_width_bottom=&#8221;1px&#8221; border_color_bottom=&#8221;#058bd1&#8243;]<\/p>\n<h2>Teollisuuteen<\/h2>\n<p>[\/et_pb_text][\/et_pb_column][et_pb_column _builder_version=&#8221;4.21.0&#8243; _module_preset=&#8221;default&#8221; type=&#8221;3_5&#8243;][et_pb_image src=&#8221;https:\/\/www.konifloor.fi\/wp-content\/uploads\/2025\/12\/teollisuuteen.jpg&#8221; _builder_version=&#8221;4.21.0&#8243; _module_preset=&#8221;default&#8221; title_text=&#8221;teollisuuteen&#8221; hover_enabled=&#8221;0&#8243; sticky_enabled=&#8221;0&#8243; max_width=&#8221;300px&#8221; border_radii=&#8221;on|5px|5px|5px|5px&#8221; border_width_all=&#8221;5px&#8221; border_color_all=&#8221;#FFFFFF&#8221; box_shadow_style=&#8221;preset1&#8243;][\/et_pb_image][\/et_pb_column][\/et_pb_row][et_pb_row _builder_version=&#8221;4.21.0&#8243; _module_preset=&#8221;default&#8221; column_structure=&#8221;2_5,3_5&#8243; hover_enabled=&#8221;0&#8243; sticky_enabled=&#8221;0&#8243;][et_pb_column _builder_version=&#8221;4.21.0&#8243; _module_preset=&#8221;default&#8221; type=&#8221;2_5&#8243;][et_pb_text _builder_version=&#8221;4.21.0&#8243; _module_preset=&#8221;default&#8221; header_3_font_size=&#8221;26px&#8221; header_3_font=&#8221;Roboto Condensed||||||||&#8221; hover_enabled=&#8221;0&#8243; sticky_enabled=&#8221;0&#8243; border_width_bottom=&#8221;1px&#8221; border_color_bottom=&#8221;#058bd1&#8243;]<\/p>\n<h3>Risteilij\u00f6ihin<\/h3>\n<p>[\/et_pb_text][\/et_pb_column][et_pb_column _builder_version=&#8221;4.21.0&#8243; _module_preset=&#8221;default&#8221; type=&#8221;3_5&#8243;][et_pb_image src=&#8221;https:\/\/www.konifloor.fi\/wp-content\/uploads\/2025\/12\/risteilijoihin.jpg&#8221; _builder_version=&#8221;4.21.0&#8243; _module_preset=&#8221;default&#8221; title_text=&#8221;risteilijoihin&#8221; hover_enabled=&#8221;0&#8243; sticky_enabled=&#8221;0&#8243; max_width=&#8221;300px&#8221; border_radii=&#8221;on|5px|5px|5px|5px&#8221; border_width_all=&#8221;5px&#8221; border_color_all=&#8221;#FFFFFF&#8221; box_shadow_style=&#8221;preset1&#8243;][\/et_pb_image][\/et_pb_column][\/et_pb_row][\/et_pb_section]<\/p>\n","protected":false},"excerpt":{"rendered":"<p>KotiinTeollisuuteenRisteilij\u00f6ihin<\/p>\n","protected":false},"author":1,"featured_media":0,"parent":0,"menu_order":0,"comment_status":"closed","ping_status":"closed","template":"","meta":{"_et_pb_use_builder":"on","_et_pb_old_content":"<div id=\"pl-9\"  class=\"panel-layout\" ><div id=\"pg-9-0\"  class=\"panel-grid panel-no-style\"  data-style=\"{&quot;background_display&quot;:&quot;tile&quot;,&quot;cell_alignment&quot;:&quot;flex-start&quot;}\" ><div id=\"pgc-9-0-0\"  class=\"panel-grid-cell\"  data-weight=\"0.61803399209206\" ><div id=\"panel-9-0-0-0\" class=\"so-panel widget widget_text panel-first-child panel-last-child\" data-index=\"0\" data-style=\"{&quot;class&quot;:&quot;lattiatyot&quot;,&quot;background_display&quot;:&quot;tile&quot;}\" ><div class=\"lattiatyot panel-widget-style panel-widget-style-for-9-0-0-0\" ><h3 class=\"widget-title\">Kotiin<\/h3>\t\t\t<div class=\"textwidget\"><\/div>\n\t\t<\/div><\/div><\/div><div id=\"pgc-9-0-1\"  class=\"panel-grid-cell\"  data-weight=\"0.38196600790794\" ><div id=\"panel-9-0-1-0\" class=\"so-panel widget widget_text panel-first-child panel-last-child\" data-index=\"1\" data-style=\"{&quot;background_display&quot;:&quot;tile&quot;}\" >\t\t\t<div class=\"textwidget\"><p><a class=\"foobox\" href=\"https:\/\/www.konifloor.fi\/wp-content\/uploads\/2017\/05\/kotiin.jpg\" data-caption-title=\"Lattiaratkaisut kotiin\"><img class=\"border\" src=\"https:\/\/www.konifloor.fi\/wp-content\/uploads\/2017\/05\/kotiin.jpg\" alt=\"Kotiin\" \/><\/a><\/p>\n<\/div>\n\t\t<\/div><\/div><\/div><div id=\"pg-9-1\"  class=\"panel-grid panel-no-style\"  data-style=\"{&quot;background_display&quot;:&quot;tile&quot;,&quot;cell_alignment&quot;:&quot;flex-start&quot;}\" ><div id=\"pgc-9-1-0\"  class=\"panel-grid-cell\"  data-weight=\"0.38196600790794\" ><div id=\"panel-9-1-0-0\" class=\"so-panel widget widget_text panel-first-child panel-last-child\" data-index=\"2\" data-style=\"{&quot;background_display&quot;:&quot;tile&quot;}\" >\t\t\t<div class=\"textwidget\"><p><a class=\"foobox\" href=\"https:\/\/www.konifloor.fi\/wp-content\/uploads\/2017\/05\/teollisuuteen.jpg\" data-caption-title=\"Lattiaratkaisut teollisuuteen\"><img class=\"border\" src=\"https:\/\/www.konifloor.fi\/wp-content\/uploads\/2017\/05\/teollisuuteen.jpg\" alt=\"Teollisuuteen\" \/><\/a><\/p>\n<\/div>\n\t\t<\/div><\/div><div id=\"pgc-9-1-1\"  class=\"panel-grid-cell\"  data-weight=\"0.61803399209206\" ><div id=\"panel-9-1-1-0\" class=\"so-panel widget widget_text panel-first-child panel-last-child\" data-index=\"3\" data-style=\"{&quot;class&quot;:&quot;lattiatyot fade&quot;,&quot;background_display&quot;:&quot;tile&quot;}\" ><div class=\"lattiatyot fade panel-widget-style panel-widget-style-for-9-1-1-0\" ><h3 class=\"widget-title\">Teollisuuteen<\/h3>\t\t\t<div class=\"textwidget\"><\/div>\n\t\t<\/div><\/div><\/div><\/div><div id=\"pg-9-2\"  class=\"panel-grid panel-no-style\"  data-style=\"{&quot;background_display&quot;:&quot;tile&quot;,&quot;cell_alignment&quot;:&quot;flex-start&quot;}\" ><div id=\"pgc-9-2-0\"  class=\"panel-grid-cell\"  data-weight=\"0.61803399209206\" ><div id=\"panel-9-2-0-0\" class=\"so-panel widget widget_text panel-first-child panel-last-child\" data-index=\"4\" data-style=\"{&quot;class&quot;:&quot;lattiatyot fade&quot;,&quot;background_display&quot;:&quot;tile&quot;}\" ><div class=\"lattiatyot fade panel-widget-style panel-widget-style-for-9-2-0-0\" ><h3 class=\"widget-title\">Risteilij\u00f6ihin<\/h3>\t\t\t<div class=\"textwidget\"><\/div>\n\t\t<\/div><\/div><\/div><div id=\"pgc-9-2-1\"  class=\"panel-grid-cell\"  data-weight=\"0.38196600790794\" ><div id=\"panel-9-2-1-0\" class=\"so-panel widget widget_text panel-first-child panel-last-child\" data-index=\"5\" data-style=\"{&quot;background_display&quot;:&quot;tile&quot;}\" >\t\t\t<div class=\"textwidget\"><p><a class=\"foobox\" href=\"https:\/\/www.konifloor.fi\/wp-content\/uploads\/2017\/05\/risteilijoihin.jpg\" data-caption-title=\"Lattiaratkaisut ristelij\u00f6ihin\"><img class=\"border\" src=\"https:\/\/www.konifloor.fi\/wp-content\/uploads\/2017\/05\/risteilijoihin.jpg\" \"Risteilij\u00f6ihin\" \/><\/a><\/p>\n<\/div>\n\t\t<\/div><\/div><\/div><\/div>","_et_gb_content_width":"","footnotes":""},"class_list":["post-9","page","type-page","status-publish","hentry"],"yoast_head":"<!-- This site is optimized with the Yoast SEO plugin v26.8 - https:\/\/yoast.com\/product\/yoast-seo-wordpress\/ -->\n<title>Lattiaty\u00f6t yli 10 vuoden ammattitaidolla - Koni Floor Oy<\/title>\n<meta name=\"description\" content=\"Lattiaty\u00f6t Koni Floorilta niin teollisuuteen, kotiin kuin risteilij\u00f6illekin. Toimimme p\u00e4\u00e4asiallisesti Turun telakalla risteilij\u00f6iden parissa.\" \/>\n<meta name=\"robots\" content=\"index, follow, max-snippet:-1, max-image-preview:large, max-video-preview:-1\" \/>\n<link rel=\"canonical\" href=\"https:\/\/www.konifloor.fi\/?page_id=9\" \/>\n<meta property=\"og:locale\" content=\"fi_FI\" \/>\n<meta property=\"og:type\" content=\"article\" \/>\n<meta property=\"og:title\" content=\"Lattiaty\u00f6t yli 10 vuoden ammattitaidolla - Koni Floor Oy\" \/>\n<meta property=\"og:description\" content=\"Lattiaty\u00f6t Koni Floorilta niin teollisuuteen, kotiin kuin risteilij\u00f6illekin. Toimimme p\u00e4\u00e4asiallisesti Turun telakalla risteilij\u00f6iden parissa.\" \/>\n<meta property=\"og:url\" content=\"https:\/\/www.konifloor.fi\/?page_id=9\" \/>\n<meta property=\"og:site_name\" content=\"Koni Floor Oy\" \/>\n<meta property=\"article:modified_time\" content=\"2025-12-16T13:30:54+00:00\" \/>\n<meta name=\"twitter:card\" content=\"summary_large_image\" \/>\n<meta name=\"twitter:label1\" content=\"Arvioitu lukuaika\" \/>\n\t<meta name=\"twitter:data1\" content=\"2 minuuttia\" \/>\n<script type=\"application\/ld+json\" class=\"yoast-schema-graph\">{\"@context\":\"https:\/\/schema.org\",\"@graph\":[{\"@type\":\"WebPage\",\"@id\":\"https:\/\/www.konifloor.fi\/?page_id=9\",\"url\":\"https:\/\/www.konifloor.fi\/?page_id=9\",\"name\":\"Lattiaty\u00f6t yli 10 vuoden ammattitaidolla - Koni Floor Oy\",\"isPartOf\":{\"@id\":\"https:\/\/www.konifloor.fi\/#website\"},\"datePublished\":\"2017-05-17T10:01:46+00:00\",\"dateModified\":\"2025-12-16T13:30:54+00:00\",\"description\":\"Lattiaty\u00f6t Koni Floorilta niin teollisuuteen, kotiin kuin risteilij\u00f6illekin. Toimimme p\u00e4\u00e4asiallisesti Turun telakalla risteilij\u00f6iden parissa.\",\"breadcrumb\":{\"@id\":\"https:\/\/www.konifloor.fi\/?page_id=9#breadcrumb\"},\"inLanguage\":\"fi\",\"potentialAction\":[{\"@type\":\"ReadAction\",\"target\":[\"https:\/\/www.konifloor.fi\/?page_id=9\"]}]},{\"@type\":\"BreadcrumbList\",\"@id\":\"https:\/\/www.konifloor.fi\/?page_id=9#breadcrumb\",\"itemListElement\":[{\"@type\":\"ListItem\",\"position\":1,\"name\":\"Home\",\"item\":\"https:\/\/www.konifloor.fi\/\"},{\"@type\":\"ListItem\",\"position\":2,\"name\":\"Lattiaty\u00f6t\"}]},{\"@type\":\"WebSite\",\"@id\":\"https:\/\/www.konifloor.fi\/#website\",\"url\":\"https:\/\/www.konifloor.fi\/\",\"name\":\"Koni Floor Oy\",\"description\":\"Lattiaty\u00f6t kotiin, teollisuuteen ja risteilij\u00f6ihin\",\"publisher\":{\"@id\":\"https:\/\/www.konifloor.fi\/#organization\"},\"potentialAction\":[{\"@type\":\"SearchAction\",\"target\":{\"@type\":\"EntryPoint\",\"urlTemplate\":\"https:\/\/www.konifloor.fi\/?s={search_term_string}\"},\"query-input\":{\"@type\":\"PropertyValueSpecification\",\"valueRequired\":true,\"valueName\":\"search_term_string\"}}],\"inLanguage\":\"fi\"},{\"@type\":\"Organization\",\"@id\":\"https:\/\/www.konifloor.fi\/#organization\",\"name\":\"Koni Floor Oy\",\"url\":\"https:\/\/www.konifloor.fi\/\",\"logo\":{\"@type\":\"ImageObject\",\"inLanguage\":\"fi\",\"@id\":\"https:\/\/www.konifloor.fi\/#\/schema\/logo\/image\/\",\"url\":\"https:\/\/www.konifloor.fi\/wp-content\/uploads\/2017\/05\/koni_floor_logo_web.png\",\"contentUrl\":\"https:\/\/www.konifloor.fi\/wp-content\/uploads\/2017\/05\/koni_floor_logo_web.png\",\"width\":325,\"height\":71,\"caption\":\"Koni Floor Oy\"},\"image\":{\"@id\":\"https:\/\/www.konifloor.fi\/#\/schema\/logo\/image\/\"}}]}<\/script>\n<!-- \/ Yoast SEO plugin. -->","yoast_head_json":{"title":"Lattiaty\u00f6t yli 10 vuoden ammattitaidolla - Koni Floor Oy","description":"Lattiaty\u00f6t Koni Floorilta niin teollisuuteen, kotiin kuin risteilij\u00f6illekin. Toimimme p\u00e4\u00e4asiallisesti Turun telakalla risteilij\u00f6iden parissa.","robots":{"index":"index","follow":"follow","max-snippet":"max-snippet:-1","max-image-preview":"max-image-preview:large","max-video-preview":"max-video-preview:-1"},"canonical":"https:\/\/www.konifloor.fi\/?page_id=9","og_locale":"fi_FI","og_type":"article","og_title":"Lattiaty\u00f6t yli 10 vuoden ammattitaidolla - Koni Floor Oy","og_description":"Lattiaty\u00f6t Koni Floorilta niin teollisuuteen, kotiin kuin risteilij\u00f6illekin. Toimimme p\u00e4\u00e4asiallisesti Turun telakalla risteilij\u00f6iden parissa.","og_url":"https:\/\/www.konifloor.fi\/?page_id=9","og_site_name":"Koni Floor Oy","article_modified_time":"2025-12-16T13:30:54+00:00","twitter_card":"summary_large_image","twitter_misc":{"Arvioitu lukuaika":"2 minuuttia"},"schema":{"@context":"https:\/\/schema.org","@graph":[{"@type":"WebPage","@id":"https:\/\/www.konifloor.fi\/?page_id=9","url":"https:\/\/www.konifloor.fi\/?page_id=9","name":"Lattiaty\u00f6t yli 10 vuoden ammattitaidolla - Koni Floor Oy","isPartOf":{"@id":"https:\/\/www.konifloor.fi\/#website"},"datePublished":"2017-05-17T10:01:46+00:00","dateModified":"2025-12-16T13:30:54+00:00","description":"Lattiaty\u00f6t Koni Floorilta niin teollisuuteen, kotiin kuin risteilij\u00f6illekin. Toimimme p\u00e4\u00e4asiallisesti Turun telakalla risteilij\u00f6iden parissa.","breadcrumb":{"@id":"https:\/\/www.konifloor.fi\/?page_id=9#breadcrumb"},"inLanguage":"fi","potentialAction":[{"@type":"ReadAction","target":["https:\/\/www.konifloor.fi\/?page_id=9"]}]},{"@type":"BreadcrumbList","@id":"https:\/\/www.konifloor.fi\/?page_id=9#breadcrumb","itemListElement":[{"@type":"ListItem","position":1,"name":"Home","item":"https:\/\/www.konifloor.fi\/"},{"@type":"ListItem","position":2,"name":"Lattiaty\u00f6t"}]},{"@type":"WebSite","@id":"https:\/\/www.konifloor.fi\/#website","url":"https:\/\/www.konifloor.fi\/","name":"Koni Floor Oy","description":"Lattiaty\u00f6t kotiin, teollisuuteen ja risteilij\u00f6ihin","publisher":{"@id":"https:\/\/www.konifloor.fi\/#organization"},"potentialAction":[{"@type":"SearchAction","target":{"@type":"EntryPoint","urlTemplate":"https:\/\/www.konifloor.fi\/?s={search_term_string}"},"query-input":{"@type":"PropertyValueSpecification","valueRequired":true,"valueName":"search_term_string"}}],"inLanguage":"fi"},{"@type":"Organization","@id":"https:\/\/www.konifloor.fi\/#organization","name":"Koni Floor Oy","url":"https:\/\/www.konifloor.fi\/","logo":{"@type":"ImageObject","inLanguage":"fi","@id":"https:\/\/www.konifloor.fi\/#\/schema\/logo\/image\/","url":"https:\/\/www.konifloor.fi\/wp-content\/uploads\/2017\/05\/koni_floor_logo_web.png","contentUrl":"https:\/\/www.konifloor.fi\/wp-content\/uploads\/2017\/05\/koni_floor_logo_web.png","width":325,"height":71,"caption":"Koni Floor Oy"},"image":{"@id":"https:\/\/www.konifloor.fi\/#\/schema\/logo\/image\/"}}]}},"_links":{"self":[{"href":"https:\/\/www.konifloor.fi\/index.php?rest_route=\/wp\/v2\/pages\/9","targetHints":{"allow":["GET"]}}],"collection":[{"href":"https:\/\/www.konifloor.fi\/index.php?rest_route=\/wp\/v2\/pages"}],"about":[{"href":"https:\/\/www.konifloor.fi\/index.php?rest_route=\/wp\/v2\/types\/page"}],"author":[{"embeddable":true,"href":"https:\/\/www.konifloor.fi\/index.php?rest_route=\/wp\/v2\/users\/1"}],"replies":[{"embeddable":true,"href":"https:\/\/www.konifloor.fi\/index.php?rest_route=%2Fwp%2Fv2%2Fcomments&post=9"}],"version-history":[{"count":38,"href":"https:\/\/www.konifloor.fi\/index.php?rest_route=\/wp\/v2\/pages\/9\/revisions"}],"predecessor-version":[{"id":7056,"href":"https:\/\/www.konifloor.fi\/index.php?rest_route=\/wp\/v2\/pages\/9\/revisions\/7056"}],"wp:attachment":[{"href":"https:\/\/www.konifloor.fi\/index.php?rest_route=%2Fwp%2Fv2%2Fmedia&parent=9"}],"curies":[{"name":"wp","href":"https:\/\/api.w.org\/{rel}","templated":true}]}}